{"id":1939,"date":"2013-11-21T09:56:39","date_gmt":"2013-11-21T09:56:39","guid":{"rendered":"http:\/\/www.cgt-hopital-manosque.fr\/?page_id=1939"},"modified":"2014-10-07T19:30:54","modified_gmt":"2014-10-07T19:30:54","slug":"conseils-ouvrages-films-et-sorties","status":"publish","type":"page","link":"http:\/\/www.cgt-hopital-manosque.fr\/?page_id=1939","title":{"rendered":"Conseils ouvrages, films&#8230;"},"content":{"rendered":"<p><strong> \u00ab Un quart en moins \u00bb le nouvel ouvrage de Rachel Silvera (des femmes se battent pour en finir avec les in\u00e9galit\u00e9s salariales) (8 octobre 2014)<\/strong><br \/>\nCliquer sur le lien ci-dessous :<br \/>\n<strong><a href=\"http:\/\/www.cgt-hopital-manosque.fr\/?p=2965\" target=\"_blank\">http:\/\/www.cgt-hopital-manosque.fr\/?p=2965<\/a><\/strong><\/p>\n<p><strong> \u00ab\u00a0D\u00c9MOCRATIE Z\u00c9RO6 \u00a0\u00bb questionne les fondamentaux de la d\u00e9mocratie repr\u00e9sentative (21 f\u00e9vrier 2014)<\/strong><br \/>\nCliquer sur le lien ci-dessous :<br \/>\n<strong><a href=\"http:\/\/www.cgt-hopital-manosque.fr\/?p=2264\" target=\"_blank\">http:\/\/www.cgt-hopital-manosque.fr\/?p=2264<\/a><\/strong><\/p>\n<p><strong>\u00ab Le harc\u00e8lement au travail \u00bb (21 novembre 2013)<\/strong><br \/>\nCliquer sur le lien ci-dessous :<br \/>\n<strong><a href=\"http:\/\/www.cgt-hopital-manosque.fr\/?p=1920\" target=\"_blank\">http:\/\/www.cgt-hopital-manosque.fr\/?p=1920<\/a><\/strong><\/p>\n<p><strong>Les jours heureux : \u00ab\u00a0quand l&rsquo;utopie des r\u00e9sistants devint r\u00e9alit\u00e9\u00a0\u00bb (31 octobre 2013)<\/strong><br \/>\nCliquer sur le lien ci-dessous :<br \/>\n<strong><a href=\"http:\/\/www.cgt-hopital-manosque.fr\/?p=1858\" target=\"_blank\">http:\/\/www.cgt-hopital-manosque.fr\/?p=1858<\/a><\/strong><\/p>\n<p><strong>\u00abLa violence des riches\u00bb (7 octobre 2013)<\/strong><br \/>\nCliquer sur le lien ci-dessous :<br \/>\n<strong><a href=\"http:\/\/www.cgt-hopital-manosque.fr\/?p=1795\" target=\"_blank\">http:\/\/www.cgt-hopital-manosque.fr\/?p=1795<\/a><\/strong><\/p>\n<p><strong>Qui veut tuer la Poste ? chronique d&rsquo;un d\u00e9mant\u00e8lement (27 septembre 2013) <\/strong><br \/>\nCliquer sur le lien ci-dessous :<br \/>\n<strong><a href=\"http:\/\/www.cgt-hopital-manosque.fr\/?p=1766\" target=\"_blank\">http:\/\/www.cgt-hopital-manosque.fr\/?p=1766<\/a><\/strong><\/p>\n<p><strong>Pr\u00e9venir les risques psychosociaux : outils et m\u00e9thodes pour r\u00e9guler le travail (23 ao\u00fbt 2013)<\/strong><br \/>\nCliquer sur le lien ci-dessous :<br \/>\n<strong><a href=\"http:\/\/www.cgt-hopital-manosque.fr\/?p=1549\" target=\"_blank\">http:\/\/www.cgt-hopital-manosque.fr\/?p=1549<\/a><\/strong><\/p>\n<p><strong>Marseille 2013 : \u00ab Yes we camp \u00bb (12 ao\u00fbt 2013)<\/strong><br \/>\nCliquer sur le lien ci-dessous :<br \/>\n<strong><a href=\"http:\/\/www.cgt-hopital-manosque.fr\/?p=1513\" target=\"_blank\">http:\/\/www.cgt-hopital-manosque.fr\/?p=1513<\/a><\/strong><\/p>\n<p><strong>Avec les fralib, de la r\u00e9sistance \u00e0 l&rsquo;alternative : Les luttes s&rsquo;alimentent des luttes (7 ao\u00fbt 2013)<\/strong><br \/>\nCliquer sur le lien ci-dessous :<br \/>\n<strong><a href=\"http:\/\/www.cgt-hopital-manosque.fr\/?p=1483\" target=\"_blank\">http:\/\/www.cgt-hopital-manosque.fr\/?p=1483<\/a><\/strong><\/p>\n<p><strong>Pr\u00e9caris\u00e9s, pas d\u00e9motiv\u00e9s : les jeunes, le travail, l&rsquo;engagement (29 juillet 2013)<\/strong><br \/>\nCliquer sur le lien ci-dessous :<br \/>\n<strong><a href=\"http:\/\/www.cgt-hopital-manosque.fr\/?p=1444\" target=\"_blank\">http:\/\/www.cgt-hopital-manosque.fr\/?p=1444<\/a><\/strong><\/p>\n<p><strong>Festival d&rsquo;Avignon off 2013 : \u00ab\u00a0Cour Nord\u00a0\u00bb&#8230;un th\u00e9\u00e2tre engag\u00e9 (23 juillet 2013)<\/strong><br \/>\nCliquer sur le lien ci-dessous :<br \/>\n<strong><a href=\"http:\/\/www.cgt-hopital-manosque.fr\/?p=1422\" target=\"_blank\">http:\/\/www.cgt-hopital-manosque.fr\/?p=1422<\/a><\/strong><\/p>\n<p><strong>La fabrique du mensonge. Comment les industriels manipulent la science et nous mettent en danger (3 juillet 2013)<\/strong><br \/>\nCliquer sur le lien ci-dessous :<br \/>\n<strong><a href=\"http:\/\/www.cgt-hopital-manosque.fr\/?p=1365\" target=\"_blank\">http:\/\/www.cgt-hopital-manosque.fr\/?p=1365<\/a><\/strong><\/p>\n<p><strong>Les travailleurs sont-ils  manipul\u00e9s ?  \u00e0 propos du film : \u00abLes nouveaux chiens de garde\u00bb (15 janvier 2013) <\/strong><br \/>\nCliquer sur le lien ci-dessous :<br \/>\n<strong><a href=\"http:\/\/www.cgt-hopital-manosque.fr\/?p=984\" target=\"_blank\">http:\/\/www.cgt-hopital-manosque.fr\/?p=984<\/a><\/strong><\/p>\n","protected":false},"excerpt":{"rendered":"<p>\u00ab Un quart en moins \u00bb le nouvel ouvrage de Rachel Silvera (des femmes se battent pour en finir avec les in\u00e9galit\u00e9s salariales) (8 octobre 2014) Cliquer sur le lien ci-dessous : http:\/\/www.cgt-hopital-manosque.fr\/?p=2965 \u00ab\u00a0D\u00c9MOCRATIE Z\u00c9RO6 \u00a0\u00bb questionne les fondamentaux de la d\u00e9mocratie repr\u00e9sentative (21 f\u00e9vrier 2014) Cliquer sur le lien ci-dessous : http:\/\/www.cgt-hopital-manosque.fr\/?p=2264 \u00ab Le [&hellip;]<\/p>\n","protected":false},"author":1,"featured_media":0,"parent":210,"menu_order":0,"comment_status":"closed","ping_status":"open","template":"","meta":{"footnotes":""},"_links":{"self":[{"href":"http:\/\/www.cgt-hopital-manosque.fr\/index.php?rest_route=\/wp\/v2\/pages\/1939"}],"collection":[{"href":"http:\/\/www.cgt-hopital-manosque.fr\/index.php?rest_route=\/wp\/v2\/pages"}],"about":[{"href":"http:\/\/www.cgt-hopital-manosque.fr\/index.php?rest_route=\/wp\/v2\/types\/page"}],"author":[{"embeddable":true,"href":"http:\/\/www.cgt-hopital-manosque.fr\/index.php?rest_route=\/wp\/v2\/users\/1"}],"replies":[{"embeddable":true,"href":"http:\/\/www.cgt-hopital-manosque.fr\/index.php?rest_route=%2Fwp%2Fv2%2Fcomments&post=1939"}],"version-history":[{"count":23,"href":"http:\/\/www.cgt-hopital-manosque.fr\/index.php?rest_route=\/wp\/v2\/pages\/1939\/revisions"}],"predecessor-version":[{"id":2970,"href":"http:\/\/www.cgt-hopital-manosque.fr\/index.php?rest_route=\/wp\/v2\/pages\/1939\/revisions\/2970"}],"up":[{"embeddable":true,"href":"http:\/\/www.cgt-hopital-manosque.fr\/index.php?rest_route=\/wp\/v2\/pages\/210"}],"wp:attachment":[{"href":"http:\/\/www.cgt-hopital-manosque.fr\/index.php?rest_route=%2Fwp%2Fv2%2Fmedia&parent=1939"}],"curies":[{"name":"wp","href":"https:\/\/api.w.org\/{rel}","templated":true}]}}