{"id":330,"date":"2012-05-18T13:05:37","date_gmt":"2012-05-18T13:05:37","guid":{"rendered":"http:\/\/www.cgt-hopital-manosque.fr\/?page_id=330"},"modified":"2013-09-02T10:29:11","modified_gmt":"2013-09-02T10:29:11","slug":"carriere","status":"publish","type":"page","link":"http:\/\/www.cgt-hopital-manosque.fr\/?page_id=330","title":{"rendered":"Carri\u00e8re"},"content":{"rendered":"<p>Ci-joint les liens vers nos diff\u00e9rents articles sur la carri\u00e8re (cliquer sur les liens pour les consulter).<\/p>\n<p><strong>LA DISPONIBILITE :<\/strong><\/p>\n<p>* La disponibilit\u00e9 pour convenances personnelles (8 mai 2012)  <a href='http:\/\/www.cgt-hopital-manosque.fr\/wp-content\/uploads\/2012\/05\/La-disponibilite-pour-convenances-personnelles.pdf'>cliquer ici<\/a><\/p>\n<p><strong>ACCES AUX DOCUMENTS ADMINISTRATIFS :<\/strong><\/p>\n<p>* Un agent peut-il consulter son dossier individuel ? (24 ao\u00fbt 2012)  <a href='http:\/\/www.cgt-hopital-manosque.fr\/wp-content\/uploads\/2012\/05\/Un-agent-peut-il-consulter-son-dossier-individuel.pdf'>cliquer ici<\/a><\/p>\n<p><strong>L&rsquo;EVALUATION ET LA NOTATION :<\/strong><\/p>\n<p>* Ci-joint notre tract sur l&rsquo;\u00e9valuation et la notation dans la fonction publique hospitali\u00e8re.<br \/>\nPour le lire  <a href='http:\/\/www.cgt-hopital-manosque.fr\/wp-content\/uploads\/2012\/09\/Levaluation-Hop-Manosque-modifie-1-1.pdf'>cliquer ici<\/a><\/p>\n","protected":false},"excerpt":{"rendered":"<p>Ci-joint les liens vers nos diff\u00e9rents articles sur la carri\u00e8re (cliquer sur les liens pour les consulter). LA DISPONIBILITE : * La disponibilit\u00e9 pour convenances personnelles (8 mai 2012) cliquer ici ACCES AUX DOCUMENTS ADMINISTRATIFS : * Un agent peut-il consulter son dossier individuel ? (24 ao\u00fbt 2012) cliquer ici L&rsquo;EVALUATION ET LA NOTATION : [&hellip;]<\/p>\n","protected":false},"author":1,"featured_media":0,"parent":1189,"menu_order":0,"comment_status":"closed","ping_status":"open","template":"","meta":{"footnotes":""},"_links":{"self":[{"href":"http:\/\/www.cgt-hopital-manosque.fr\/index.php?rest_route=\/wp\/v2\/pages\/330"}],"collection":[{"href":"http:\/\/www.cgt-hopital-manosque.fr\/index.php?rest_route=\/wp\/v2\/pages"}],"about":[{"href":"http:\/\/www.cgt-hopital-manosque.fr\/index.php?rest_route=\/wp\/v2\/types\/page"}],"author":[{"embeddable":true,"href":"http:\/\/www.cgt-hopital-manosque.fr\/index.php?rest_route=\/wp\/v2\/users\/1"}],"replies":[{"embeddable":true,"href":"http:\/\/www.cgt-hopital-manosque.fr\/index.php?rest_route=%2Fwp%2Fv2%2Fcomments&post=330"}],"version-history":[{"count":11,"href":"http:\/\/www.cgt-hopital-manosque.fr\/index.php?rest_route=\/wp\/v2\/pages\/330\/revisions"}],"predecessor-version":[{"id":1598,"href":"http:\/\/www.cgt-hopital-manosque.fr\/index.php?rest_route=\/wp\/v2\/pages\/330\/revisions\/1598"}],"up":[{"embeddable":true,"href":"http:\/\/www.cgt-hopital-manosque.fr\/index.php?rest_route=\/wp\/v2\/pages\/1189"}],"wp:attachment":[{"href":"http:\/\/www.cgt-hopital-manosque.fr\/index.php?rest_route=%2Fwp%2Fv2%2Fmedia&parent=330"}],"curies":[{"name":"wp","href":"https:\/\/api.w.org\/{rel}","templated":true}]}}