{"id":4856,"date":"2017-04-04T15:49:45","date_gmt":"2017-04-04T15:49:45","guid":{"rendered":"http:\/\/www.cgt-hopital-manosque.fr\/?page_id=4856"},"modified":"2017-05-04T19:19:34","modified_gmt":"2017-05-04T19:19:34","slug":"dossier-ppcr","status":"publish","type":"page","link":"http:\/\/www.cgt-hopital-manosque.fr\/?page_id=4856","title":{"rendered":"DOSSIER PPCR"},"content":{"rendered":"<p style= \"text-align: justify;\">\n<strong>DOSSIER PPCR :<\/strong>\n<\/p>\n<p style= \"text-align: justify;\"><strong>* Tract CGT h\u00f4pital de Manosque CAPL PPCR (4 mai 2017)<\/strong><br \/>\nPOUR CONSULTER L&rsquo;ARTICLE, <strong><a href=\"http:\/\/www.cgt-hopital-manosque.fr\/?p=4960\" target=\"_blank\">CLIQUER ICI<\/a><\/strong>\n<\/p>\n<p style= \"text-align: justify;\"><strong>* L&rsquo;article sur la journ\u00e9e d&rsquo;\u00e9tude PPCR du 28 mars dans le journal de l&rsquo;UD du mois d&rsquo;avril (3 mai 2017)<\/strong><br \/>\nPOUR CONSULTER L&rsquo;ARTICLE, <strong><a href=\"http:\/\/www.cgt-hopital-manosque.fr\/?p=4956\" target=\"_blank\">CLIQUER ICI<\/a><\/strong>\n<\/p>\n<p style= \"text-align: justify;\"><strong>* Tract information PPCR CGT H\u00f4pital de Manosque (5 avril 2017)<\/strong><br \/>\nPOUR CONSULTER L&rsquo;ARTICLE, <strong><a href=\"http:\/\/www.cgt-hopital-manosque.fr\/?p=4852\" target=\"_blank\">CLIQUER ICI<\/a><\/strong>\n<\/p>\n<p style= \"text-align: justify;\"><strong>* PPCR (Parcours Professionnels Carri\u00e8res R\u00e9mun\u00e9rations) : concr\u00e8tement ce que cela va changer sur votre fiche de paie, votre carri\u00e8re, et votre retraite ? (18 f\u00e9vrier 2017)<\/strong><br \/>\nPOUR CONSULTER L&rsquo;ARTICLE, <strong><a href=\"http:\/\/www.cgt-hopital-manosque.fr\/?p=4784\" target=\"_blank\">CLIQUER ICI<\/a><\/strong><\/p>\n","protected":false},"excerpt":{"rendered":"<p>DOSSIER PPCR : * Tract CGT h\u00f4pital de Manosque CAPL PPCR (4 mai 2017) POUR CONSULTER L&rsquo;ARTICLE, CLIQUER ICI * L&rsquo;article sur la journ\u00e9e d&rsquo;\u00e9tude PPCR du 28 mars dans le journal de l&rsquo;UD du mois d&rsquo;avril (3 mai 2017) POUR CONSULTER L&rsquo;ARTICLE, CLIQUER ICI * Tract information PPCR CGT H\u00f4pital de Manosque (5 avril [&hellip;]<\/p>\n","protected":false},"author":1,"featured_media":0,"parent":210,"menu_order":0,"comment_status":"closed","ping_status":"closed","template":"","meta":{"footnotes":""},"_links":{"self":[{"href":"http:\/\/www.cgt-hopital-manosque.fr\/index.php?rest_route=\/wp\/v2\/pages\/4856"}],"collection":[{"href":"http:\/\/www.cgt-hopital-manosque.fr\/index.php?rest_route=\/wp\/v2\/pages"}],"about":[{"href":"http:\/\/www.cgt-hopital-manosque.fr\/index.php?rest_route=\/wp\/v2\/types\/page"}],"author":[{"embeddable":true,"href":"http:\/\/www.cgt-hopital-manosque.fr\/index.php?rest_route=\/wp\/v2\/users\/1"}],"replies":[{"embeddable":true,"href":"http:\/\/www.cgt-hopital-manosque.fr\/index.php?rest_route=%2Fwp%2Fv2%2Fcomments&post=4856"}],"version-history":[{"count":7,"href":"http:\/\/www.cgt-hopital-manosque.fr\/index.php?rest_route=\/wp\/v2\/pages\/4856\/revisions"}],"predecessor-version":[{"id":4965,"href":"http:\/\/www.cgt-hopital-manosque.fr\/index.php?rest_route=\/wp\/v2\/pages\/4856\/revisions\/4965"}],"up":[{"embeddable":true,"href":"http:\/\/www.cgt-hopital-manosque.fr\/index.php?rest_route=\/wp\/v2\/pages\/210"}],"wp:attachment":[{"href":"http:\/\/www.cgt-hopital-manosque.fr\/index.php?rest_route=%2Fwp%2Fv2%2Fmedia&parent=4856"}],"curies":[{"name":"wp","href":"https:\/\/api.w.org\/{rel}","templated":true}]}}