{"id":641,"date":"2012-07-25T19:18:59","date_gmt":"2012-07-25T19:18:59","guid":{"rendered":"http:\/\/www.cgt-hopital-manosque.fr\/?page_id=641"},"modified":"2014-03-26T19:45:56","modified_gmt":"2014-03-26T19:45:56","slug":"conges","status":"publish","type":"page","link":"http:\/\/www.cgt-hopital-manosque.fr\/?page_id=641","title":{"rendered":"CONGES"},"content":{"rendered":"<p><strong>LES CONGES :<\/strong><\/p>\n<p>* Peut-on assigner ou sanctionner un agent en repos qui refuse de venir travailler ? (26 juillet 2012)  <strong><a href='http:\/\/www.cgt-hopital-manosque.fr\/wp-content\/uploads\/2012\/07\/Peut-on-assigner-ou-sanctionner-un-agent-en-repos-qui-refuse-de-venir-travailler.pdf'>cliquer ici<\/a><\/strong><\/p>\n<p>* Un agent a-t-il droit \u00e0 des jours d&rsquo;absence pour conclure un PACS ? (7 ao\u00fbt 2012)<br \/>\n<strong><a href='http:\/\/www.cgt-hopital-manosque.fr\/wp-content\/uploads\/2012\/07\/Un-agent-a-t-il-droit-\u00e0-des-jours-dabsence-pour-conclure-un-PACS-.pdf'>cliquer ici<\/a><\/strong><\/p>\n<p>* Les conditions du cong\u00e9 parental sont modifi\u00e9es \u00e0 compter du 1er octobre 2012 (4 octobre 2012)  <strong><a href='http:\/\/www.cgt-hopital-manosque.fr\/wp-content\/uploads\/2012\/07\/Le-cong\u00e9-parental-est-modifi\u00e9.pdf'>cliquer ici<\/a><\/strong><\/p>\n<p>* Je suis un agent stagiaire et je souhaite quitter l&rsquo;\u00e9tablissement pour suivre mon conjoint dans une nouvelle r\u00e9gion, que faire ? (29 octobre 2012)  <strong><a href='http:\/\/www.cgt-hopital-manosque.fr\/wp-content\/uploads\/2012\/07\/Je-souhaite-quitter-l\u00e9tablissement-pour-suivre-mon-conjoint1.pdf'>cliquer ici<\/a><\/strong><\/p>\n<p>* Ci-joint une fiche synth\u00e9tisant vos droits en mati\u00e8re de cong\u00e9 maladie (12 novembre 2012)  <strong><a href='http:\/\/www.cgt-hopital-manosque.fr\/wp-content\/uploads\/2012\/11\/Cong\u00e9-maladie-ordinaire.pdf'>cliquer ici<\/a><\/strong><\/p>\n<p>* Ci-joint une fiche synth\u00e9tisant vos droits en mati\u00e8re de cong\u00e9 longue maladie (1er f\u00e9vrier 2013)  <strong><a href=\"http:\/\/www.cgt-hopital-manosque.fr\/wp-content\/uploads\/2013\/01\/95-Le-cong\u00e9-longue-maladie.pdf\">cliquer ici<\/a><\/strong><\/p>\n<p>* Le cong\u00e9 de solidarit\u00e9 familiale &#8211; deux d\u00e9crets du 18 janvier 2013 en fixent les modalit\u00e9s d\u2019attribution (12 f\u00e9vrier 2013)  <strong><a href=\"http:\/\/www.cgt-hopital-manosque.fr\/wp-content\/uploads\/2012\/07\/Le-cong\u00e9-de-solidarit\u00e9-familiale.pdf\">cliquer ici<\/a><\/strong><\/p>\n<p>* Ci-joint une fiche synth\u00e9tisant les dispositions particuli\u00e8res relatives au contr\u00f4le pendant le cong\u00e9 maladie (16 mars 2013)  <strong><a href=\"http:\/\/www.cgt-hopital-manosque.fr\/wp-content\/uploads\/2013\/03\/107.-Le-contr\u00f4le-pendant-le-cong\u00e9.pdf\">cliquer ici<\/a><\/strong><\/p>\n<p>* Ci-joint une fiche synth\u00e9tisant les modalit\u00e9s de prise en compte de la maladie sur les droits \u00e0 la retraite (15 mai 2013)  <strong><a href=\"http:\/\/www.cgt-hopital-manosque.fr\/wp-content\/uploads\/2013\/05\/127.-Maladie-et-retraite.pdf\">cliquer ici<\/a><\/strong><\/p>\n<p>* La liste des pi\u00e8ces \u00e0 fournir pour b\u00e9n\u00e9ficier de l\u2019indemnisation du cong\u00e9 de paternit\u00e9 et d\u2019accueil de l\u2019enfant (3 juin 2013)  <strong><a href=\"http:\/\/www.cgt-hopital-manosque.fr\/?p=2393\">cliquer ici<\/a><\/strong><\/p>\n<p>* Cong\u00e9 maternit\u00e9 FPH : Je serai bient\u00f4t en cong\u00e9 maternit\u00e9, pouvez-vous faire un point sur mes droits aux cong\u00e9s ?  (25 mars 2014)  <strong><a href=\"http:\/\/www.cgt-hopital-manosque.fr\/?p=2391\"cliquer ici\" target=\"_blank\">cliquer ici<\/a><\/strong><\/p>\n","protected":false},"excerpt":{"rendered":"<p>LES CONGES : * Peut-on assigner ou sanctionner un agent en repos qui refuse de venir travailler ? (26 juillet 2012) cliquer ici * Un agent a-t-il droit \u00e0 des jours d&rsquo;absence pour conclure un PACS ? (7 ao\u00fbt 2012) cliquer ici * Les conditions du cong\u00e9 parental sont modifi\u00e9es \u00e0 compter du 1er octobre [&hellip;]<\/p>\n","protected":false},"author":1,"featured_media":0,"parent":1189,"menu_order":0,"comment_status":"closed","ping_status":"open","template":"","meta":{"footnotes":""},"_links":{"self":[{"href":"http:\/\/www.cgt-hopital-manosque.fr\/index.php?rest_route=\/wp\/v2\/pages\/641"}],"collection":[{"href":"http:\/\/www.cgt-hopital-manosque.fr\/index.php?rest_route=\/wp\/v2\/pages"}],"about":[{"href":"http:\/\/www.cgt-hopital-manosque.fr\/index.php?rest_route=\/wp\/v2\/types\/page"}],"author":[{"embeddable":true,"href":"http:\/\/www.cgt-hopital-manosque.fr\/index.php?rest_route=\/wp\/v2\/users\/1"}],"replies":[{"embeddable":true,"href":"http:\/\/www.cgt-hopital-manosque.fr\/index.php?rest_route=%2Fwp%2Fv2%2Fcomments&post=641"}],"version-history":[{"count":24,"href":"http:\/\/www.cgt-hopital-manosque.fr\/index.php?rest_route=\/wp\/v2\/pages\/641\/revisions"}],"predecessor-version":[{"id":676,"href":"http:\/\/www.cgt-hopital-manosque.fr\/index.php?rest_route=\/wp\/v2\/pages\/641\/revisions\/676"}],"up":[{"embeddable":true,"href":"http:\/\/www.cgt-hopital-manosque.fr\/index.php?rest_route=\/wp\/v2\/pages\/1189"}],"wp:attachment":[{"href":"http:\/\/www.cgt-hopital-manosque.fr\/index.php?rest_route=%2Fwp%2Fv2%2Fmedia&parent=641"}],"curies":[{"name":"wp","href":"https:\/\/api.w.org\/{rel}","templated":true}]}}